{"id":1644,"date":"2021-11-01T14:40:14","date_gmt":"2021-11-01T07:40:14","guid":{"rendered":"https:\/\/techconvina.com\/?page_id=1644"},"modified":"2022-10-27T15:38:03","modified_gmt":"2022-10-27T08:38:03","slug":"air-compressors","status":"publish","type":"page","link":"https:\/\/techconvina.com\/en\/air-compressors\/","title":{"rendered":"AIR COMPRESSORS"},"content":{"rendered":"\t\t<div data-elementor-type=\"wp-page\" data-elementor-id=\"1644\" class=\"elementor elementor-1644\" data-elementor-settings=\"[]\">\n\t\t\t\t\t\t\t<div class=\"elementor-section-wrap\">\n\t\t\t\t\t        <section class=\"elementor-section elementor-top-section elementor-element elementor-element-080bcbb elementor-section-boxed elementor-section-height-default elementor-section-height-default\" data-id=\"080bcbb\" data-element_type=\"section\">\n                            <div class=\"elementor-background-overlay\"><\/div>\n                \n                        <div class=\"elementor-container elementor-column-gap-default \">\n                    <div class=\"elementor-column elementor-col-100 elementor-top-column elementor-element elementor-element-08399d0\" data-id=\"08399d0\" data-element_type=\"column\">\n            <div class=\"elementor-widget-wrap elementor-element-populated\">\n                        \t\t<div class=\"elementor-element elementor-element-9ba0fdd elementor-invisible elementor-widget elementor-widget-cms_why_choose_us\" data-id=\"9ba0fdd\" data-element_type=\"widget\" data-settings=\"{&quot;_animation&quot;:&quot;slideInLeft&quot;}\" data-widget_type=\"cms_why_choose_us.default\">\n\t\t\t\t<div class=\"elementor-widget-container\">\n\t\t\t    <div class=\"cms-why-choose-us\">\r\n    \t    \t\t<h3 class=\"el-title\">With long-term experience in the field of air compressors, Techcon provides customers with total solutions.<\/h3>\r\n    \t        <div class=\"cms-el-holder\">\r\n                            <div class=\"cms-el--item\">\r\n                                            <div class=\"item--icon\">\r\n                                                    <\/div>\r\n                                    \t<span class=\"item--title\">CONSULTING SELECTION, INSTALLATION, OPERATION AND ENHANCED POWER SAVING PERFORMANCE.<\/span>\r\n               <\/div>\r\n                            <div class=\"cms-el--item\">\r\n                                            <div class=\"item--icon\">\r\n                                                    <\/div>\r\n                                    \t<span class=\"item--title\">SUPPLYING ALL EQUIPMENT IN THE SYSTEM (AIR COMPRESSOR, AIR DRYER, AIR FILTER, PRESSURE VARIALS, ETC.)<\/span>\r\n               <\/div>\r\n                            <div class=\"cms-el--item\">\r\n                                            <div class=\"item--icon\">\r\n                                                    <\/div>\r\n                                    \t<span class=\"item--title\">PROVIDING OVERALL SYSTEM MAINTENANCE AND MAINTENANCE<\/span>\r\n               <\/div>\r\n                            <div class=\"cms-el--item\">\r\n                                            <div class=\"item--icon\">\r\n                                                    <\/div>\r\n                                    \t<span class=\"item--title\">DESIGNING AND EXECUTING INSTALLATION OF GENERAL SYSTEM<\/span>\r\n               <\/div>\r\n                    <\/div>\r\n    <\/div>\r\n\t\t<\/div>\n\t\t\t\t<\/div>\n\t\t\t\t<div class=\"elementor-element elementor-element-5e5262b elementor-widget elementor-widget-cms_blog_grid\" data-id=\"5e5262b\" data-element_type=\"widget\" data-widget_type=\"cms_blog_grid.default\">\n\t\t\t\t<div class=\"elementor-widget-container\">\n\t\t\t\r\n<div id=\"cms_blog_grid-5e5262b\" class=\"cms-grid cms-post-grid cms-post-grid-layout2\" data-layout=\"masonry\" data-start-page=\"1\" data-max-pages=\"1\" data-total=\"3\" data-perpage=\"3\" data-next-link=\"\">\r\n    <div class=\"cms-grid-overlay\"><\/div>\r\n    \r\n    <div class=\"cms-grid-inner cms-grid-masonry row animation-time\" data-gutter=\"7\">\r\n                    <div class=\"grid-sizer col-xl-4 col-lg-4 col-md-6 col-sm-6 col-12\"><\/div>\r\n                                <div class=\"grid-item col-xl-4 col-lg-4 col-md-6 col-sm-6 col-12 \">\r\n                    <div class=\"grid-item-inner\">\r\n                                                    <div class=\"entry-featured\">\r\n                                <a href=\"https:\/\/techconvina.com\/en\/consulting-and-overall-supply-of-air-compressor-system\/\"><img loading=\"lazy\" decoding=\"async\" class=\"\" src=\"https:\/\/techconvina.com\/en\/wp-content\/uploads\/sites\/2\/2021\/11\/Tu-van-lua-chon-he-thong-may-nen-khi.jpg\" width=\"468\" height=\"351\" alt=\"Tu van lua chon he thong may nen khi\" title=\"Tu van lua chon he thong may nen khi\" \/><\/a>\r\n                                                            <\/div>\r\n                                                <div class=\"entry-body\">\r\n                                                                                    <h3 class=\"entry-title\"><a href=\"https:\/\/techconvina.com\/en\/consulting-and-overall-supply-of-air-compressor-system\/\">Consulting and overall supply of air compressor system<\/a><\/h3>\r\n                                                                                                                <div class=\"item--more\">\r\n                                <a href=\"https:\/\/techconvina.com\/en\/consulting-and-overall-supply-of-air-compressor-system\/\">Details<i class=\"cms-icon-plus\"><\/i><\/a>\r\n                            <\/div>\r\n                                                    <\/div>\r\n                    <\/div>\r\n                <\/div>\r\n                            <div class=\"grid-item col-xl-4 col-lg-4 col-md-6 col-sm-6 col-12 \">\r\n                    <div class=\"grid-item-inner\">\r\n                                                    <div class=\"entry-featured\">\r\n                                <a href=\"https:\/\/techconvina.com\/en\/consulting-and-installation-of-air-compressor-system\/\"><img loading=\"lazy\" decoding=\"async\" class=\"\" src=\"https:\/\/techconvina.com\/en\/wp-content\/uploads\/sites\/2\/2021\/11\/Lua-chon-thu-tu-lap-dat-cac-thiet-bi-trong-he-thong-may-nen-khi-600x443.png\" width=\"600\" height=\"443\" alt=\"L\u1ef1a ch\u1ecdn th\u1ee9 t\u1ef1 l\u1eafp \u0111\u1eb7t c\u00e1c thi\u1ebft b\u1ecb trong h\u1ec7 th\u1ed1ng m\u00e1y n\u00e9n kh\u00ed\" title=\"L\u1ef1a ch\u1ecdn th\u1ee9 t\u1ef1 l\u1eafp \u0111\u1eb7t c\u00e1c thi\u1ebft b\u1ecb trong h\u1ec7 th\u1ed1ng m\u00e1y n\u00e9n kh\u00ed\" \/><\/a>\r\n                                                            <\/div>\r\n                                                <div class=\"entry-body\">\r\n                                                                                    <h3 class=\"entry-title\"><a href=\"https:\/\/techconvina.com\/en\/consulting-and-installation-of-air-compressor-system\/\">Consulting and installation of air compressor system<\/a><\/h3>\r\n                                                                                                                <div class=\"item--more\">\r\n                                <a href=\"https:\/\/techconvina.com\/en\/consulting-and-installation-of-air-compressor-system\/\">Details<i class=\"cms-icon-plus\"><\/i><\/a>\r\n                            <\/div>\r\n                                                    <\/div>\r\n                    <\/div>\r\n                <\/div>\r\n                            <div class=\"grid-item col-xl-4 col-lg-4 col-md-6 col-sm-6 col-12 \">\r\n                    <div class=\"grid-item-inner\">\r\n                                                    <div class=\"entry-featured\">\r\n                                <a href=\"https:\/\/techconvina.com\/en\/maintenance-and-periodic-maintenance-of-the-air-compressor-system\/\"><img loading=\"lazy\" decoding=\"async\" class=\"\" src=\"https:\/\/techconvina.com\/en\/wp-content\/uploads\/sites\/2\/2021\/11\/Bao-tri-dinh-ki-feature-600x443.png\" width=\"600\" height=\"443\" alt=\"Bao tri dinh ki feature\" title=\"Bao tri dinh ki feature\" \/><\/a>\r\n                                                            <\/div>\r\n                                                <div class=\"entry-body\">\r\n                                                                                    <h3 class=\"entry-title\"><a href=\"https:\/\/techconvina.com\/en\/maintenance-and-periodic-maintenance-of-the-air-compressor-system\/\">Maintenance and periodic maintenance of the air compressor system<\/a><\/h3>\r\n                                                                                                                <div class=\"item--more\">\r\n                                <a href=\"https:\/\/techconvina.com\/en\/maintenance-and-periodic-maintenance-of-the-air-compressor-system\/\">Details<i class=\"cms-icon-plus\"><\/i><\/a>\r\n                            <\/div>\r\n                                                    <\/div>\r\n                    <\/div>\r\n                <\/div>\r\n                <\/div>\r\n        <\/div>\t\t<\/div>\n\t\t\t\t<\/div>\n\t\t            <\/div>\n        <\/div>\n                            <\/div>\n        <\/section>\n        \t\t\t\t<\/div>\n\t\t\t\t\t<\/div>\n\t\t","protected":false},"excerpt":{"rendered":"<p>With long-term experience in the field of air compressors, Techcon provides customers with total solutions. CONSULTING SELECTION, INSTALLATION, OPERATION AND ENHANCED POWER SAVING PERFORMANCE. SUPPLYING ALL EQUIPMENT IN THE SYSTEM (AIR COMPRESSOR, AIR DRYER, AIR FILTER, PRESSURE VARIALS, ETC.) PROVIDING OVERALL SYSTEM MAINTENANCE AND MAINTENANCE DESIGNING AND EXECUTING INSTALLATION OF GENERAL SYSTEM Consulting and overall [&hellip;]<\/p>\n","protected":false},"author":1,"featured_media":0,"parent":0,"menu_order":0,"comment_status":"closed","ping_status":"closed","template":"","meta":{"footnotes":""},"class_list":["post-1644","page","type-page","status-publish","hentry"],"_links":{"self":[{"href":"https:\/\/techconvina.com\/en\/wp-json\/wp\/v2\/pages\/1644","targetHints":{"allow":["GET"]}}],"collection":[{"href":"https:\/\/techconvina.com\/en\/wp-json\/wp\/v2\/pages"}],"about":[{"href":"https:\/\/techconvina.com\/en\/wp-json\/wp\/v2\/types\/page"}],"author":[{"embeddable":true,"href":"https:\/\/techconvina.com\/en\/wp-json\/wp\/v2\/users\/1"}],"replies":[{"embeddable":true,"href":"https:\/\/techconvina.com\/en\/wp-json\/wp\/v2\/comments?post=1644"}],"version-history":[{"count":26,"href":"https:\/\/techconvina.com\/en\/wp-json\/wp\/v2\/pages\/1644\/revisions"}],"predecessor-version":[{"id":4396,"href":"https:\/\/techconvina.com\/en\/wp-json\/wp\/v2\/pages\/1644\/revisions\/4396"}],"wp:attachment":[{"href":"https:\/\/techconvina.com\/en\/wp-json\/wp\/v2\/media?parent=1644"}],"curies":[{"name":"wp","href":"https:\/\/api.w.org\/{rel}","templated":true}]}}